{"id":67,"date":"2015-03-05T20:53:09","date_gmt":"2015-03-05T20:53:09","guid":{"rendered":"http:\/\/www.alias-fa.fr\/?page_id=67"},"modified":"2026-05-11T10:12:17","modified_gmt":"2026-05-11T10:12:17","slug":"67-2","status":"publish","type":"page","link":"https:\/\/www.alias-fa.fr\/?page_id=67","title":{"rendered":""},"content":{"rendered":"<div class='content-column one_half'><img loading=\"lazy\" decoding=\"async\" class=\"alignnone wp-image-25\" style=\"margin-left: ---6%; margin-top: 5%;\" src=\"https:\/\/www.alias-fa.fr\/wp-content\/uploads\/2015\/02\/fabrice.jpg\" alt=\"Alias-Fa_40\" width=\"299\" height=\"284\" \/><br \/><\/div>\n<div class=\"content-column one_half\" style=\"margin-left: -15%;\">\n<div style=\"color: orange; font-size: 35px; line-height: 35px;\">Directeur Artistique \/ Graphiste Multim\u00e9dia<\/div>\n<p>Gr\u00e2ce aux diff\u00e9rents postes occup\u00e9s \u00e0 la fois chez l\u2019annonceur, mais aussi en agences ou simplement lors de missions freelance, je dispose aujourd\u2019hui d\u2019une vision globale des enjeux du m\u00e9tier de graphiste.<\/p>\n<p>De par mon parcours, au cours des diff\u00e9rentes formations que j\u2019ai suivies mais aussi gr\u00e2ce \u00e0 une pratique quasi-quotidienne, j\u2019ai appris \u00e0 ma\u00eetriser les diff\u00e9rents logiciels de PAO. Je dispose \u00e9galement de bases en codage et montage. A ce propos, lors de mes futures exp\u00e9riences, je souhaiterais pouvoir d\u00e9velopper mes comp\u00e9tences concernant le motion design.<\/p>\n<p>Actuellement \u00e0 la recherche de nouvelles opportunit\u00e9s professionnelles, j\u2019ai la volont\u00e9 de confirmer mon exp\u00e9rience en tant que directeur artistique, au sein d&rsquo;une agence de communication par exemple.<br \/>Cr\u00e9atif, sociable et disposant de plus de 10 ans d\u2019exp\u00e9rience, je suis \u00e0 la recherche d\u2019un poste alliant \u00e0 la fois autonomie, cr\u00e9ativit\u00e9 ainsi que la possibilit\u00e9 de mener \u00e0 bien les projets qui me seront confi\u00e9s.<\/p>\n<p>Contactez-moi par t\u00e9l. au <span style=\"color: #79c7dd;\">06 61 46 80 58<\/span> ou par mail \u00e0 <a style=\"color: #79c7dd;\" href=\"mailto:fj@alias-fa.fr\">fj@alias-fa.fr<\/a><\/p>\n<p>R\u00e9seau social :<a href=\"https:\/\/fr.linkedin.com\/in\/fabrice-jacquiod-600760113\" target=\"_blank\" rel=\"noopener\"> Linkedin<\/a><\/p>\n<p><a href=\"https:\/\/www.alias-fa.fr\/wp-content\/uploads\/2026\/05\/CV_Fabrice_Jacquiod_2026.pdf\" target=\"_blank\" rel=\"noopener\" data-wp-editing=\"1\"><img loading=\"lazy\" decoding=\"async\" class=\"alignnone\" style=\"margin-bottom: -10px; height: 7% !important; width: 7% !important;\" src=\"https:\/\/www.alias-fa.fr\/wp-content\/uploads\/2015\/02\/cv.jpg\" alt=\"Alias-Fa_40\" width=\"37\" height=\"44\" \/><\/a><a style=\"margin-left: 10px;\" href=\"https:\/\/www.alias-fa.fr\/wp-content\/uploads\/2026\/05\/CV_Fabrice_Jacquiod_2026.pdf\" target=\"_blank\" rel=\"noopener\">CV<\/a><\/p>\n<\/div>\n\n\n\n","protected":false},"excerpt":{"rendered":"<p>Directeur Artistique \/ Graphiste Multim\u00e9dia Gr\u00e2ce aux diff\u00e9rents postes occup\u00e9s \u00e0 la fois chez l\u2019annonceur, mais aussi en agences ou simplement lors de missions freelance, je dispose aujourd\u2019hui d\u2019une vision globale des enjeux du m\u00e9tier de graphiste. De par mon parcours, au cours des diff\u00e9rentes formations que j\u2019ai suivies mais aussi gr\u00e2ce \u00e0 une pratique [&hellip;]<\/p>\n","protected":false},"author":1,"featured_media":0,"parent":0,"menu_order":0,"comment_status":"closed","ping_status":"closed","template":"","meta":{"footnotes":""},"class_list":["post-67","page","type-page","status-publish","hentry"],"_links":{"self":[{"href":"https:\/\/www.alias-fa.fr\/index.php?rest_route=\/wp\/v2\/pages\/67","targetHints":{"allow":["GET"]}}],"collection":[{"href":"https:\/\/www.alias-fa.fr\/index.php?rest_route=\/wp\/v2\/pages"}],"about":[{"href":"https:\/\/www.alias-fa.fr\/index.php?rest_route=\/wp\/v2\/types\/page"}],"author":[{"embeddable":true,"href":"https:\/\/www.alias-fa.fr\/index.php?rest_route=\/wp\/v2\/users\/1"}],"replies":[{"embeddable":true,"href":"https:\/\/www.alias-fa.fr\/index.php?rest_route=%2Fwp%2Fv2%2Fcomments&post=67"}],"version-history":[{"count":138,"href":"https:\/\/www.alias-fa.fr\/index.php?rest_route=\/wp\/v2\/pages\/67\/revisions"}],"predecessor-version":[{"id":1047,"href":"https:\/\/www.alias-fa.fr\/index.php?rest_route=\/wp\/v2\/pages\/67\/revisions\/1047"}],"wp:attachment":[{"href":"https:\/\/www.alias-fa.fr\/index.php?rest_route=%2Fwp%2Fv2%2Fmedia&parent=67"}],"curies":[{"name":"wp","href":"https:\/\/api.w.org\/{rel}","templated":true}]}}